{"id":908,"date":"2017-06-19T05:41:37","date_gmt":"2017-06-19T05:41:37","guid":{"rendered":"https:\/\/websitedemos.net\/astra-lite-demo-1\/?page_id=2"},"modified":"2024-12-29T03:21:36","modified_gmt":"2024-12-29T03:21:36","slug":"home","status":"publish","type":"page","link":"https:\/\/ascalidadsv.com\/","title":{"rendered":"Home"},"content":{"rendered":"<p><a href=\"https:\/\/ascalidadsv.com\/?page_id=1419\"><br \/>\n\t\t\t\t\t\t\t\t\tVerificar Certificado<br \/>\n\t\t\t\t\t<\/a><br \/>\n\t\t\t\t\t<a href=\"https:\/\/www.worldcomplianceassociation.com\/certificacion-evaluacion-sistemas-compliance.php\"><br \/>\n\t\t\t\t\t\t\t\t\tInformaci\u00f3n Clave para Certificar tu Empresa en ISO 37001<br \/>\n\t\t\t\t\t<\/a><\/p>\n<h3>\u00abSoluciones de calidad, personalizadas y accesibles para impulsar cada organizaci\u00f3n\u00bb<\/h3>\n<h4><em><strong>\u00bfQuieres saber m\u00e1s? \u00a1Haz clic aqu\u00ed para obtener m\u00e1s informaci\u00f3n!<\/strong><\/em><\/h4>\n<p>\t\t\t\t\t<a href=\"https:\/\/ascalidadsv.com\/?page_id=19\"><br \/>\n\t\t\t\t\t\t\t\t\tM\u00c1S INFORMACI\u00d3N<br \/>\n\t\t\t\t\t<\/a><\/p>\n<h6>Descubre nuestros <strong>SERVICIOS<\/strong> dise\u00f1ados para transformar tu organizaci\u00f3n y llevarla al \u00e9xito.<\/h6>\n<figure><img loading=\"lazy\" decoding=\"async\" width=\"64\" height=\"64\" src=\"https:\/\/ascalidadsv.com\/wp-content\/uploads\/2019\/12\/editing.png\" alt=\"\" \/><\/figure>\n<h3>Coaching de Gesti\u00f3n.<\/h3>\n<p>Te apoyamos en la realizaci\u00f3n del diagn\u00f3stico integral de tu organizaci\u00f3n, abarcando aspectos normativos clave en Sistemas de Gesti\u00f3n de la Calidad, Medio Ambiente, Seguridad y Salud Ocupacional, la Ley General de Prevenci\u00f3n de Riesgos en los Lugares de Trabajo y m\u00e1s.<\/p>\n<figure><img loading=\"lazy\" decoding=\"async\" width=\"64\" height=\"64\" src=\"https:\/\/ascalidadsv.com\/wp-content\/uploads\/2019\/12\/coding-1-1.png\" alt=\"\" \/><\/figure>\n<h3><font style=\"vertical-align: inherit;\"><font style=\"vertical-align: inherit;\">Capacitaci\u00f3n.<\/font><\/font><font style=\"vertical-align: inherit;\"><\/font><\/h3>\n<p>Ofrecemos cursos virtuales y presenciales adaptados a las necesidades formativas de tu equipo, utilizando metodolog\u00edas innovadoras que proporcionan las herramientas esenciales para implementar y dar seguimiento efectivo a tus Sistemas de Gesti\u00f3n<\/p>\n<figure><img loading=\"lazy\" decoding=\"async\" width=\"64\" height=\"64\" src=\"https:\/\/ascalidadsv.com\/wp-content\/uploads\/2019\/12\/marketing-1.png\" alt=\"\" \/><\/figure>\n<h3>Apoyo a emprendimientos.<\/h3>\n<p>Si tienes un proyecto de emprendimiento, te apoyamos en el dise\u00f1o de procesos y procedimientos, gui\u00e1ndote en la implementaci\u00f3n de herramientas de calidad esenciales para alcanzar tus objetivos y asegurar el \u00e9xito de tu iniciativa.<\/p>\n<h6>Conoce nuestras \u00c1REAS DE TRABAJO: Calidad, Medio Ambiente, Seguridad y Salud Ocupacional, Antisoborno y m\u00e1s. \u00a1Juntos impulsamos tu organizaci\u00f3n hacia la excelencia!<\/h6>\n<p>\t\t\t\t\t<a href=\"#\"><br \/>\n\t\t\t\t\t\t\t\t\tCalidad<br \/>\n\t\t\t\t\t<\/a><br \/>\n\t\t\t\t\t<a href=\"#\"><br \/>\n\t\t\t\t\t\t\t\t\t<font style=\"vertical-align: inherit;\"><font style=\"vertical-align: inherit;\"><font style=\"vertical-align: inherit;\"><font style=\"vertical-align: inherit;\"><font style=\"vertical-align: inherit;\"><font style=\"vertical-align: inherit;\"><font style=\"vertical-align: inherit;\"><font style=\"vertical-align: inherit;\"><font style=\"vertical-align: inherit;\"><font style=\"vertical-align: inherit;\">Seguridad y Salud Ocupacional<\/font><\/font><\/font><\/font><\/font><\/font><\/font><\/font><\/font><\/font><font style=\"vertical-align: inherit;\"><\/font><br \/>\n\t\t\t\t\t<\/a><br \/>\n\t\t\t\t\t<a href=\"#\"><br \/>\n\t\t\t\t\t\t\t\t\tMedio Ambiente y Sostenibilidad<br \/>\n\t\t\t\t\t<\/a><br \/>\n\t\t\t\t\t<a href=\"#\"><br \/>\n\t\t\t\t\t\t\t\t\tGesti\u00f3n Antisoborno y Riesgos<br \/>\n\t\t\t\t\t<\/a><\/p>\n<p>Eleva la excelencia de tu organizaci\u00f3n con soluciones en gesti\u00f3n de calidad, asegurando procesos eficientes, satisfacci\u00f3n del cliente y cumplimiento de est\u00e1ndares internacionales.<\/p>\n<p>Protege a tu equipo con una gesti\u00f3n integral en SST, enfocada en prevenir riesgos, cumplir normativas y garantizar un entorno laboral seguro y saludable.<\/p>\n<p>Impulsamos la sostenibilidad de tu organizaci\u00f3n con estrategias innovadoras en gesti\u00f3n ambiental, enfocadas en la eficiencia, cumplimiento normativo y compromiso con el cuidado del planeta<\/p>\n<p>Fortalecemos tu organizaci\u00f3n con soluciones en Gesti\u00f3n Antisoborno y Riesgos, enfoc\u00e1ndonos en \u00e9tica, cumplimiento normativo y mitigaci\u00f3n de amenazas para garantizar transparencia y sostenibilidad empresarial.<\/p>\n<p>\u00a1Descubre nuestro NEWSLETTER! Un espacio donde exploramos temas fascinantes y esenciales sobre los Sistemas de Gesti\u00f3n m\u00e1s relevantes en El Salvador y el mundo. Insp\u00edrate, aprende y mantente al d\u00eda con las mejores pr\u00e1cticas internacionales.<\/p>\n<p>\t\t\t\t\t\t\t\t\t\t\t\t\t\t\t\t<a href=\"https:\/\/www.linkedin.com\/newsletters\/7013596612786561025\/\"><br \/>\n\t\t\t\t\t\t\t<img loading=\"lazy\" decoding=\"async\" width=\"411\" height=\"328\" src=\"https:\/\/ascalidadsv.com\/wp-content\/uploads\/2024\/12\/Captura-de-pantalla-2024-12-28-191850.png\" alt=\"\" srcset=\"https:\/\/ascalidadsv.com\/wp-content\/uploads\/2024\/12\/Captura-de-pantalla-2024-12-28-191850.png 411w, https:\/\/ascalidadsv.com\/wp-content\/uploads\/2024\/12\/Captura-de-pantalla-2024-12-28-191850-300x239.png 300w\" sizes=\"auto, (max-width: 411px) 100vw, 411px\" \/>\t\t\t\t\t\t\t\t<\/a><\/p>\n<div class=\"ast-oembed-container \" style=\"height: 100%;\"><iframe loading=\"lazy\" title=\"C\u00f3mo Implementar un Sistema Antisoborno Razonable y Proporcional en Tu Empresa\" width=\"500\" height=\"281\" src=\"https:\/\/www.youtube.com\/embed\/k9M4YmX3pNw?feature=oembed\" frameborder=\"0\" allow=\"accelerometer; autoplay; clipboard-write; encrypted-media; gyroscope; picture-in-picture; web-share\" referrerpolicy=\"strict-origin-when-cross-origin\" allowfullscreen><\/iframe><\/div>\n<p>\t\t\t\t\t<a href=\"https:\/\/www.youtube.com\/@asccalidad660\"><br \/>\n\t\t\t\t\t\t\t\t\t\u00a1Suscr\u00edbete a Nuestro Canal!<br \/>\n\t\t\t\t\t<\/a><\/p>\n<h2>TE AYUDAMOS EN TU CERTIFICACI\u00d3N.<\/h2>\n<h2>\u00a1Lleva a tu organizaci\u00f3n al siguiente nivel! Te acompa\u00f1amos en cada paso del proceso para lograr tu certificaci\u00f3n, garantizando el cumplimiento de normativas internacionales y fortaleciendo la competitividad de tu empresa.<\/h2>\n<h3>Cont\u00e1ctanos.  <\/h3>\n<p>\t\t\t\t\t<a href=\"#\"><br \/>\n\t\t\t\t\t\t\t\t\tcontacto@ascalidadsv.com<br \/>\n\t\t\t\t\t<\/a><\/p>\n","protected":false},"excerpt":{"rendered":"<p>Verificar Certificado Informaci\u00f3n Clave para Certificar tu Empresa en ISO 37001 \u00abSoluciones de calidad, personalizadas y accesibles para impulsar cada organizaci\u00f3n\u00bb \u00bfQuieres saber m\u00e1s? \u00a1Haz clic aqu\u00ed para obtener m\u00e1s informaci\u00f3n! M\u00c1S INFORMACI\u00d3N Descubre nuestros SERVICIOS dise\u00f1ados para transformar tu organizaci\u00f3n y llevarla al \u00e9xito. Coaching de Gesti\u00f3n. Te apoyamos en la realizaci\u00f3n del diagn\u00f3stico [&hellip;]<\/p>\n","protected":false},"author":1,"featured_media":1027,"parent":0,"menu_order":0,"comment_status":"closed","ping_status":"closed","template":"elementor_theme","meta":{"_monsterinsights_skip_tracking":false,"_monsterinsights_sitenote_active":false,"_monsterinsights_sitenote_note":"","_monsterinsights_sitenote_category":0,"_uf_show_specific_survey":0,"_uf_disable_surveys":false,"site-sidebar-layout":"no-sidebar","site-content-layout":"page-builder","ast-site-content-layout":"full-width-container","site-content-style":"unboxed","site-sidebar-style":"unboxed","ast-global-header-display":"","ast-banner-title-visibility":"","ast-main-header-display":"","ast-hfb-above-header-display":"","ast-hfb-below-header-display":"","ast-hfb-mobile-header-display":"","site-post-title":"disabled","ast-breadcrumbs-content":"","ast-featured-img":"disabled","footer-sml-layout":"","theme-transparent-header-meta":"default","adv-header-id-meta":"","stick-header-meta":"","header-above-stick-meta":"","header-main-stick-meta":"","header-below-stick-meta":"","astra-migrate-meta-layouts":"set","ast-page-background-enabled":"default","ast-page-background-meta":{"desktop":{"background-color":"","background-image":"","background-repeat":"repeat","background-position":"center center","background-size":"auto","background-attachment":"scroll","background-type":"","background-media":"","overlay-type":"","overlay-color":"","overlay-opacity":"","overlay-gradient":""},"tablet":{"background-color":"","background-image":"","background-repeat":"repeat","background-position":"center center","background-size":"auto","background-attachment":"scroll","background-type":"","background-media":"","overlay-type":"","overlay-color":"","overlay-opacity":"","overlay-gradient":""},"mobile":{"background-color":"","background-image":"","background-repeat":"repeat","background-position":"center center","background-size":"auto","background-attachment":"scroll","background-type":"","background-media":"","overlay-type":"","overlay-color":"","overlay-opacity":"","overlay-gradient":""}},"ast-content-background-meta":{"desktop":{"background-color":"var(--ast-global-color-5)","background-image":"","background-repeat":"repeat","background-position":"center center","background-size":"auto","background-attachment":"scroll","background-type":"","background-media":"","overlay-type":"","overlay-color":"","overlay-opacity":"","overlay-gradient":""},"tablet":{"background-color":"var(--ast-global-color-5)","background-image":"","background-repeat":"repeat","background-position":"center center","background-size":"auto","background-attachment":"scroll","background-type":"","background-media":"","overlay-type":"","overlay-color":"","overlay-opacity":"","overlay-gradient":""},"mobile":{"background-color":"var(--ast-global-color-5)","background-image":"","background-repeat":"repeat","background-position":"center center","background-size":"auto","background-attachment":"scroll","background-type":"","background-media":"","overlay-type":"","overlay-color":"","overlay-opacity":"","overlay-gradient":""}},"footnotes":""},"class_list":["post-908","page","type-page","status-publish","has-post-thumbnail","hentry"],"aioseo_notices":[],"_links":{"self":[{"href":"https:\/\/ascalidadsv.com\/index.php?rest_route=\/wp\/v2\/pages\/908","targetHints":{"allow":["GET"]}}],"collection":[{"href":"https:\/\/ascalidadsv.com\/index.php?rest_route=\/wp\/v2\/pages"}],"about":[{"href":"https:\/\/ascalidadsv.com\/index.php?rest_route=\/wp\/v2\/types\/page"}],"author":[{"embeddable":true,"href":"https:\/\/ascalidadsv.com\/index.php?rest_route=\/wp\/v2\/users\/1"}],"replies":[{"embeddable":true,"href":"https:\/\/ascalidadsv.com\/index.php?rest_route=%2Fwp%2Fv2%2Fcomments&post=908"}],"version-history":[{"count":151,"href":"https:\/\/ascalidadsv.com\/index.php?rest_route=\/wp\/v2\/pages\/908\/revisions"}],"predecessor-version":[{"id":1805,"href":"https:\/\/ascalidadsv.com\/index.php?rest_route=\/wp\/v2\/pages\/908\/revisions\/1805"}],"wp:featuredmedia":[{"embeddable":true,"href":"https:\/\/ascalidadsv.com\/index.php?rest_route=\/wp\/v2\/media\/1027"}],"wp:attachment":[{"href":"https:\/\/ascalidadsv.com\/index.php?rest_route=%2Fwp%2Fv2%2Fmedia&parent=908"}],"curies":[{"name":"wp","href":"https:\/\/api.w.org\/{rel}","templated":true}]}}