{"id":828,"date":"2018-12-27T09:40:34","date_gmt":"2018-12-27T09:40:34","guid":{"rendered":"https:\/\/websitedemos.net\/agency-02\/?page_id=828"},"modified":"2024-12-30T13:32:48","modified_gmt":"2024-12-30T13:32:48","slug":"blog","status":"publish","type":"page","link":"https:\/\/ascalidadsv.com\/?page_id=828","title":{"rendered":"Aula Virtual"},"content":{"rendered":"<h2>Nuestros Cursos Locales e Internacionales<\/h2>\n<p>\t\t\t\t\t\t\t\t\t\t\t\t\t\t\t<img loading=\"lazy\" decoding=\"async\" width=\"1024\" height=\"390\" src=\"https:\/\/ascalidadsv.com\/wp-content\/uploads\/2022\/12\/Captura-2-1024x390.png\" alt=\"\" srcset=\"https:\/\/ascalidadsv.com\/wp-content\/uploads\/2022\/12\/Captura-2-1024x390.png 1024w, https:\/\/ascalidadsv.com\/wp-content\/uploads\/2022\/12\/Captura-2-300x114.png 300w, https:\/\/ascalidadsv.com\/wp-content\/uploads\/2022\/12\/Captura-2-768x292.png 768w, https:\/\/ascalidadsv.com\/wp-content\/uploads\/2022\/12\/Captura-2-1532x583.png 1532w, https:\/\/ascalidadsv.com\/wp-content\/uploads\/2022\/12\/Captura-2.png 1535w\" sizes=\"auto, (max-width: 1024px) 100vw, 1024px\" \/><br \/>\n\t\t\t\t\t\t\t\t\t\t<a href=\"https:\/\/aulavirtualasc.ascalidadsv.com\/\">\u00a1Transforma tu futuro profesional desde nuestra Aula Virtual!Descubre cursos dise\u00f1ados para impulsarte en sistemas de gesti\u00f3n, calidad y cumplimiento. Aprende a tu ritmo con contenido actualizado y din\u00e1mico.Haz clic aqu\u00ed<\/a><a href=\"https:\/\/aulavirtualasc.ascalidadsv.com\/\">Aprende, crece y lidera desde donde est\u00e9sNuestra plataforma te conecta con expertos en normas ISO, mejora continua y sostenibilidad. \u00bfEst\u00e1s listo para el siguiente paso?Haz clic aqu\u00ed<\/a><a href=\"https:\/\/aulavirtualasc.ascalidadsv.com\/\">Tu camino hacia la excelencia comienza aqu\u00edExplora herramientas pr\u00e1cticas, certificaciones internacionales y conocimientos aplicables en tiempo real. \u00a1Inscr\u00edbete ahora y transforma tu carrera!Haz clic aqu\u00ed<\/a><br \/>\n\t\t\t\t\t\t\t\t\t\t\t\t\t\t\t<img loading=\"lazy\" decoding=\"async\" width=\"1024\" height=\"815\" src=\"https:\/\/ascalidadsv.com\/wp-content\/uploads\/2021\/01\/Cursos-Disponibles2.png\" alt=\"\" srcset=\"https:\/\/ascalidadsv.com\/wp-content\/uploads\/2021\/01\/Cursos-Disponibles2.png 1024w, https:\/\/ascalidadsv.com\/wp-content\/uploads\/2021\/01\/Cursos-Disponibles2-300x239.png 300w, https:\/\/ascalidadsv.com\/wp-content\/uploads\/2021\/01\/Cursos-Disponibles2-768x611.png 768w, https:\/\/ascalidadsv.com\/wp-content\/uploads\/2021\/01\/Cursos-Disponibles2-63x50.png 63w\" sizes=\"auto, (max-width: 1024px) 100vw, 1024px\" \/>\t\t\t\t\t\t\t\t\t\t\t\t\t\t\t<\/p>\n<h3>\u00bfTe gustar\u00eda conocer nuestro Centro e-Learning?<\/h3>\n<p>\t\t\t\t\t<a href=\"https:\/\/aulavirtualasc.ascalidadsv.com\/\"><br \/>\n\t\t\t\t\t\t\t\t\tHaz clic aqu\u00ed<br \/>\n\t\t\t\t\t<\/a><\/p>\n<h3>Inscr\u00edbete en nuestros cursos.<\/h3>\n<p>\t\t\t\t\t<a href=\"https:\/\/wa.me\/qr\/W6RJQHEF75JQD1\"><br \/>\n\t\t\t\t\t\t\t\t\tAqu\u00ed<br \/>\n\t\t\t\t\t<\/a><br \/>\n\t\t\t\t\t<a href=\"https:\/\/ascalidadsv.com\/?page_id=1419\"><br \/>\n\t\t\t\t\t\t\t\t\tVerificar Certificado<br \/>\n\t\t\t\t\t<\/a><\/p>\n","protected":false},"excerpt":{"rendered":"<p>Nuestros Cursos Locales e Internacionales \u00a1Transforma tu futuro profesional desde nuestra Aula Virtual!Descubre cursos dise\u00f1ados para impulsarte en sistemas de gesti\u00f3n, calidad y cumplimiento. Aprende a tu ritmo con contenido actualizado y din\u00e1mico.Haz clic aqu\u00edAprende, crece y lidera desde donde est\u00e9sNuestra plataforma te conecta con expertos en normas ISO, mejora continua y sostenibilidad. \u00bfEst\u00e1s listo [&hellip;]<\/p>\n","protected":false},"author":1,"featured_media":0,"parent":0,"menu_order":0,"comment_status":"closed","ping_status":"closed","template":"","meta":{"_monsterinsights_skip_tracking":false,"_monsterinsights_sitenote_active":false,"_monsterinsights_sitenote_note":"","_monsterinsights_sitenote_category":0,"_uf_show_specific_survey":0,"_uf_disable_surveys":false,"site-sidebar-layout":"no-sidebar","site-content-layout":"page-builder","ast-site-content-layout":"full-width-container","site-content-style":"unboxed","site-sidebar-style":"unboxed","ast-global-header-display":"","ast-banner-title-visibility":"","ast-main-header-display":"","ast-hfb-above-header-display":"","ast-hfb-below-header-display":"","ast-hfb-mobile-header-display":"","site-post-title":"disabled","ast-breadcrumbs-content":"","ast-featured-img":"","footer-sml-layout":"","theme-transparent-header-meta":"default","adv-header-id-meta":"","stick-header-meta":"","header-above-stick-meta":"","header-main-stick-meta":"","header-below-stick-meta":"","astra-migrate-meta-layouts":"set","ast-page-background-enabled":"default","ast-page-background-meta":{"desktop":{"background-color":"","background-image":"","background-repeat":"repeat","background-position":"center center","background-size":"auto","background-attachment":"scroll","background-type":"","background-media":"","overlay-type":"","overlay-color":"","overlay-opacity":"","overlay-gradient":""},"tablet":{"background-color":"","background-image":"","background-repeat":"repeat","background-position":"center center","background-size":"auto","background-attachment":"scroll","background-type":"","background-media":"","overlay-type":"","overlay-color":"","overlay-opacity":"","overlay-gradient":""},"mobile":{"background-color":"","background-image":"","background-repeat":"repeat","background-position":"center center","background-size":"auto","background-attachment":"scroll","background-type":"","background-media":"","overlay-type":"","overlay-color":"","overlay-opacity":"","overlay-gradient":""}},"ast-content-background-meta":{"desktop":{"background-color":"var(--ast-global-color-5)","background-image":"","background-repeat":"repeat","background-position":"center center","background-size":"auto","background-attachment":"scroll","background-type":"","background-media":"","overlay-type":"","overlay-color":"","overlay-opacity":"","overlay-gradient":""},"tablet":{"background-color":"var(--ast-global-color-5)","background-image":"","background-repeat":"repeat","background-position":"center center","background-size":"auto","background-attachment":"scroll","background-type":"","background-media":"","overlay-type":"","overlay-color":"","overlay-opacity":"","overlay-gradient":""},"mobile":{"background-color":"var(--ast-global-color-5)","background-image":"","background-repeat":"repeat","background-position":"center center","background-size":"auto","background-attachment":"scroll","background-type":"","background-media":"","overlay-type":"","overlay-color":"","overlay-opacity":"","overlay-gradient":""}},"footnotes":""},"class_list":["post-828","page","type-page","status-publish","hentry"],"aioseo_notices":[],"_links":{"self":[{"href":"https:\/\/ascalidadsv.com\/index.php?rest_route=\/wp\/v2\/pages\/828","targetHints":{"allow":["GET"]}}],"collection":[{"href":"https:\/\/ascalidadsv.com\/index.php?rest_route=\/wp\/v2\/pages"}],"about":[{"href":"https:\/\/ascalidadsv.com\/index.php?rest_route=\/wp\/v2\/types\/page"}],"author":[{"embeddable":true,"href":"https:\/\/ascalidadsv.com\/index.php?rest_route=\/wp\/v2\/users\/1"}],"replies":[{"embeddable":true,"href":"https:\/\/ascalidadsv.com\/index.php?rest_route=%2Fwp%2Fv2%2Fcomments&post=828"}],"version-history":[{"count":71,"href":"https:\/\/ascalidadsv.com\/index.php?rest_route=\/wp\/v2\/pages\/828\/revisions"}],"predecessor-version":[{"id":1851,"href":"https:\/\/ascalidadsv.com\/index.php?rest_route=\/wp\/v2\/pages\/828\/revisions\/1851"}],"wp:attachment":[{"href":"https:\/\/ascalidadsv.com\/index.php?rest_route=%2Fwp%2Fv2%2Fmedia&parent=828"}],"curies":[{"name":"wp","href":"https:\/\/api.w.org\/{rel}","templated":true}]}}