{"id":21,"date":"2017-06-19T07:07:39","date_gmt":"2017-06-19T07:07:39","guid":{"rendered":"https:\/\/websitedemos.net\/astra-lite-demo-1\/?page_id=21"},"modified":"2024-12-30T12:38:59","modified_gmt":"2024-12-30T12:38:59","slug":"services","status":"publish","type":"page","link":"https:\/\/ascalidadsv.com\/?page_id=21","title":{"rendered":"Services"},"content":{"rendered":"<h2>Validador de Certificado <\/h2>\n<p><strong>Valida tu Certificado de Formaci\u00f3n con ASC<\/strong><\/p>\n<p>En ASC valoramos la transparencia y la confianza en nuestras certificaciones, ya sea que las utilices como trabajador, empleador o futuro empleador. Cada certificado emitido incluye: <strong>c\u00f3digo \u00fanico, nombres, apellidos, nombre del curso y fecha de emisi\u00f3n<\/strong>.<\/p>\n<p>A trav\u00e9s de esta herramienta, puedes verificar la autenticidad de los certificados que has obtenido en nuestros cursos de capacitaci\u00f3n, dise\u00f1ados para fortalecer las competencias dentro del plan de formaci\u00f3n de tu empresa.<\/p>\n<p><strong>\u00bfC\u00f3mo realizar la validaci\u00f3n?<\/strong><\/p>\n<ol>\n<li>Ingresa el <strong>C\u00f3digo de Verificaci\u00f3n<\/strong> que aparece en el certificado.<\/li>\n<li>Omite cualquier signo separador incluido en el c\u00f3digo.<\/li>\n<li>Haz clic en el bot\u00f3n <strong>Validar<\/strong> para confirmar los datos.<\/li>\n<\/ol>\n<p>Esta funcionalidad asegura la confiabilidad de nuestra formaci\u00f3n y permite a las organizaciones y personas garantizar la validez de las competencias adquiridas.<\/p>\n<p>\t\t\t\t\t<a href=\"https:\/\/ascalidadsv.com\/?page_id=1419\"><br \/>\n\t\t\t\t\t\t\t\t\tValidar Certificado<br \/>\n\t\t\t\t\t<\/a><br \/>\n\t\t\t\t\t\t\t\t\t\t\t\t\t\t\t<img loading=\"lazy\" decoding=\"async\" width=\"1024\" height=\"1024\" src=\"https:\/\/ascalidadsv.com\/wp-content\/uploads\/2023\/07\/Gray-Simple-Photo-Good-Morning-Instagram-Post-1024x1024.png\" alt=\"\" srcset=\"https:\/\/ascalidadsv.com\/wp-content\/uploads\/2023\/07\/Gray-Simple-Photo-Good-Morning-Instagram-Post-1024x1024.png 1024w, https:\/\/ascalidadsv.com\/wp-content\/uploads\/2023\/07\/Gray-Simple-Photo-Good-Morning-Instagram-Post-300x300.png 300w, https:\/\/ascalidadsv.com\/wp-content\/uploads\/2023\/07\/Gray-Simple-Photo-Good-Morning-Instagram-Post-150x150.png 150w, https:\/\/ascalidadsv.com\/wp-content\/uploads\/2023\/07\/Gray-Simple-Photo-Good-Morning-Instagram-Post-768x768.png 768w, https:\/\/ascalidadsv.com\/wp-content\/uploads\/2023\/07\/Gray-Simple-Photo-Good-Morning-Instagram-Post-129x129.png 129w, https:\/\/ascalidadsv.com\/wp-content\/uploads\/2023\/07\/Gray-Simple-Photo-Good-Morning-Instagram-Post-75x75.png 75w, https:\/\/ascalidadsv.com\/wp-content\/uploads\/2023\/07\/Gray-Simple-Photo-Good-Morning-Instagram-Post-69x69.png 69w, https:\/\/ascalidadsv.com\/wp-content\/uploads\/2023\/07\/Gray-Simple-Photo-Good-Morning-Instagram-Post.png 1080w\" sizes=\"auto, (max-width: 1024px) 100vw, 1024px\" \/>\t\t\t\t\t\t\t\t\t\t\t\t\t\t\t<\/p>\n<h1>Servicios de Coaching en Gesti\u00f3n y Capacitaciones Personalizadas<\/h1>\n<h4>En ASC ofrecemos consultor\u00edas y capacitaciones en modalidad virtual y presencial, dise\u00f1adas para adaptarse a los requerimientos espec\u00edficos de tu organizaci\u00f3n. Nuestros temas est\u00e1n cuidadosamente seleccionados para responder a la realidad laboral actual, garantizando contenido pr\u00e1ctico y relevante. Utilizamos metodolog\u00edas innovadoras y din\u00e1micas que aseguran una experiencia de aprendizaje interactiva, efectiva y alineada a las necesidades de los participantes.<\/h4>\n<h4>Conf\u00eda en nosotros para potenciar las competencias de tu equipo y llevar a tu organizaci\u00f3n al siguiente nivel.<\/h4>\n<h3>\u00bfC\u00f3mo podemos ayudarte?<\/h3>\n<figure><img loading=\"lazy\" decoding=\"async\" width=\"64\" height=\"64\" src=\"https:\/\/ascalidadsv.com\/wp-content\/uploads\/2019\/12\/editing.png\" alt=\"\" \/><\/figure>\n<h3>Coaching en Gesti\u00f3n<\/h3>\n<p>Te ayudamos a fortalecer tus habilidades de liderazgo y toma de decisiones a trav\u00e9s de <strong>coaching especializado en gesti\u00f3n<\/strong>. <\/p>\n<p>Este servicio te permitir\u00e1 implementar estrategias efectivas, mejorar la productividad de tu equipo y optimizar los resultados organizacionales, aline\u00e1ndolos con tus objetivos de negocio.<\/p>\n<figure><img loading=\"lazy\" decoding=\"async\" width=\"64\" height=\"64\" src=\"https:\/\/ascalidadsv.com\/wp-content\/uploads\/2019\/12\/coding-1-1.png\" alt=\"\" \/><\/figure>\n<h3><font style=\"vertical-align: inherit;\"><font style=\"vertical-align: inherit;\"><font style=\"vertical-align: inherit;\"><font style=\"vertical-align: inherit;\"><font style=\"vertical-align: inherit;\"><font style=\"vertical-align: inherit;\">Capacit\u00e1ndote<\/font><\/font><\/font><\/font><\/font><\/font><font style=\"vertical-align: inherit;\"><\/font><\/h3>\n<p>Ofrecemos formaci\u00f3n especializada para tu personal, dise\u00f1ada seg\u00fan los est\u00e1ndares normativos internacionales y adaptada a las necesidades de tu organizaci\u00f3n, asegurando el desarrollo de competencias clave.<\/p>\n<h3>Hagamos cosas incre\u00edbles juntos!<\/h3>\n<h3>H\u00e1blanos de tu proyecto.<\/h3>\n<h3>Estamos aqu\u00ed para ser tu aliado en el camino hacia la excelencia y el \u00e9xito organizacional. \u00a1Cuenta con nosotros para potenciar tu gesti\u00f3n y alcanzar nuevos niveles de desempe\u00f1o!<\/h3>\n<p>\t\t\t\t\t<a href=\"https:\/\/wa.me\/qr\/W6RJQHEF75JQD1\"><br \/>\n\t\t\t\t\t\t\t\t\tProgramemos una Reuni\u00f3n por ZOOM<br \/>\n\t\t\t\t\t<\/a><\/p>\n<h3>\u00bfTe gustar\u00eda iniciar un nuevo proyecto con nosotros?<br \/>\n<\/h3>\n<p>\t\t\t\t\t<a href=\"https:\/\/wa.me\/qr\/W6RJQHEF75JQD1\"><br \/>\n\t\t\t\t\t\t\t\t\tcontacto@ascalidadsv.com<br \/>\n\t\t\t\t\t<\/a><\/p>\n","protected":false},"excerpt":{"rendered":"<p>Validador de Certificado Valida tu Certificado de Formaci\u00f3n con ASC En ASC valoramos la transparencia y la confianza en nuestras certificaciones, ya sea que las utilices como trabajador, empleador o futuro empleador. Cada certificado emitido incluye: c\u00f3digo \u00fanico, nombres, apellidos, nombre del curso y fecha de emisi\u00f3n. A trav\u00e9s de esta herramienta, puedes verificar la [&hellip;]<\/p>\n","protected":false},"author":0,"featured_media":0,"parent":0,"menu_order":0,"comment_status":"closed","ping_status":"closed","template":"","meta":{"_monsterinsights_skip_tracking":false,"_monsterinsights_sitenote_active":false,"_monsterinsights_sitenote_note":"","_monsterinsights_sitenote_category":0,"_uf_show_specific_survey":0,"_uf_disable_surveys":false,"site-sidebar-layout":"no-sidebar","site-content-layout":"page-builder","ast-site-content-layout":"","site-content-style":"default","site-sidebar-style":"default","ast-global-header-display":"","ast-banner-title-visibility":"","ast-main-header-display":"","ast-hfb-above-header-display":"","ast-hfb-below-header-display":"","ast-hfb-mobile-header-display":"","site-post-title":"disabled","ast-breadcrumbs-content":"","ast-featured-img":"disabled","footer-sml-layout":"","theme-transparent-header-meta":"","adv-header-id-meta":"","stick-header-meta":"","header-above-stick-meta":"","header-main-stick-meta":"","header-below-stick-meta":"","astra-migrate-meta-layouts":"default","ast-page-background-enabled":"default","ast-page-background-meta":{"desktop":{"background-color":"","background-image":"","background-repeat":"repeat","background-position":"center center","background-size":"auto","background-attachment":"scroll","background-type":"","background-media":"","overlay-type":"","overlay-color":"","overlay-opacity":"","overlay-gradient":""},"tablet":{"background-color":"","background-image":"","background-repeat":"repeat","background-position":"center center","background-size":"auto","background-attachment":"scroll","background-type":"","background-media":"","overlay-type":"","overlay-color":"","overlay-opacity":"","overlay-gradient":""},"mobile":{"background-color":"","background-image":"","background-repeat":"repeat","background-position":"center center","background-size":"auto","background-attachment":"scroll","background-type":"","background-media":"","overlay-type":"","overlay-color":"","overlay-opacity":"","overlay-gradient":""}},"ast-content-background-meta":{"desktop":{"background-color":"var(--ast-global-color-5)","background-image":"","background-repeat":"repeat","background-position":"center center","background-size":"auto","background-attachment":"scroll","background-type":"","background-media":"","overlay-type":"","overlay-color":"","overlay-opacity":"","overlay-gradient":""},"tablet":{"background-color":"var(--ast-global-color-5)","background-image":"","background-repeat":"repeat","background-position":"center center","background-size":"auto","background-attachment":"scroll","background-type":"","background-media":"","overlay-type":"","overlay-color":"","overlay-opacity":"","overlay-gradient":""},"mobile":{"background-color":"var(--ast-global-color-5)","background-image":"","background-repeat":"repeat","background-position":"center center","background-size":"auto","background-attachment":"scroll","background-type":"","background-media":"","overlay-type":"","overlay-color":"","overlay-opacity":"","overlay-gradient":""}},"footnotes":""},"class_list":["post-21","page","type-page","status-publish","hentry"],"aioseo_notices":[],"_links":{"self":[{"href":"https:\/\/ascalidadsv.com\/index.php?rest_route=\/wp\/v2\/pages\/21","targetHints":{"allow":["GET"]}}],"collection":[{"href":"https:\/\/ascalidadsv.com\/index.php?rest_route=\/wp\/v2\/pages"}],"about":[{"href":"https:\/\/ascalidadsv.com\/index.php?rest_route=\/wp\/v2\/types\/page"}],"replies":[{"embeddable":true,"href":"https:\/\/ascalidadsv.com\/index.php?rest_route=%2Fwp%2Fv2%2Fcomments&post=21"}],"version-history":[{"count":51,"href":"https:\/\/ascalidadsv.com\/index.php?rest_route=\/wp\/v2\/pages\/21\/revisions"}],"predecessor-version":[{"id":1823,"href":"https:\/\/ascalidadsv.com\/index.php?rest_route=\/wp\/v2\/pages\/21\/revisions\/1823"}],"wp:attachment":[{"href":"https:\/\/ascalidadsv.com\/index.php?rest_route=%2Fwp%2Fv2%2Fmedia&parent=21"}],"curies":[{"name":"wp","href":"https:\/\/api.w.org\/{rel}","templated":true}]}}