{"id":1218,"date":"2020-11-30T14:01:11","date_gmt":"2020-11-30T14:01:11","guid":{"rendered":"https:\/\/ascalidadsv.com\/?page_id=1218"},"modified":"2024-12-30T13:51:44","modified_gmt":"2024-12-30T13:51:44","slug":"cursos-virtuales","status":"publish","type":"page","link":"https:\/\/ascalidadsv.com\/?page_id=1218","title":{"rendered":"Cursos"},"content":{"rendered":"<h2>Testimonios de quienes han vivido la experiencia.<\/h2>\n<p>\t\t\t\t\t\t\t\t\t\t\t\t\t\t\t<img loading=\"lazy\" decoding=\"async\" width=\"768\" height=\"432\" src=\"https:\/\/ascalidadsv.com\/wp-content\/uploads\/2022\/12\/Sitio-Web-Blogger-Link-en-Bio-Bloques-Amarillo-Colorido-768x432.png\" alt=\"Opiniones\" srcset=\"https:\/\/ascalidadsv.com\/wp-content\/uploads\/2022\/12\/Sitio-Web-Blogger-Link-en-Bio-Bloques-Amarillo-Colorido-768x432.png 768w, https:\/\/ascalidadsv.com\/wp-content\/uploads\/2022\/12\/Sitio-Web-Blogger-Link-en-Bio-Bloques-Amarillo-Colorido-300x169.png 300w, https:\/\/ascalidadsv.com\/wp-content\/uploads\/2022\/12\/Sitio-Web-Blogger-Link-en-Bio-Bloques-Amarillo-Colorido-1024x576.png 1024w, https:\/\/ascalidadsv.com\/wp-content\/uploads\/2022\/12\/Sitio-Web-Blogger-Link-en-Bio-Bloques-Amarillo-Colorido-270x153.png 270w, https:\/\/ascalidadsv.com\/wp-content\/uploads\/2022\/12\/Sitio-Web-Blogger-Link-en-Bio-Bloques-Amarillo-Colorido.png 1366w\" sizes=\"auto, (max-width: 768px) 100vw, 768px\" \/><br \/>\n\t\t\t\t\t<a href=\"https:\/\/ascalidadsv.com\/?page_id=1419\"><br \/>\n\t\t\t\t\t\t\t\t\tValidar Certificado<br \/>\n\t\t\t\t\t<\/a><\/p>\n<h3>Descubre nuestra oferta formativa:<\/h3>\n<h2>Oferta de Cursos 2025<\/h2>\n<h4><strong>\u00bfTienes dudas o necesitas m\u00e1s informaci\u00f3n?<\/strong><\/h4>\n<h4>Estamos aqu\u00ed para ayudarte. Escr\u00edbenos y con gusto responderemos todas tus preguntas sobre nuestros cursos y servicios. \u00a1Cont\u00e1ctanos ahora!<\/h4>\n<p>\t\t\t\t\t\t\t\t\t\t\t\t\t\t\t<img loading=\"lazy\" decoding=\"async\" width=\"1024\" height=\"1024\" src=\"https:\/\/ascalidadsv.com\/wp-content\/uploads\/2024\/12\/1Web.png\" alt=\"\" srcset=\"https:\/\/ascalidadsv.com\/wp-content\/uploads\/2024\/12\/1Web.png 1024w, https:\/\/ascalidadsv.com\/wp-content\/uploads\/2024\/12\/1Web-300x300.png 300w, https:\/\/ascalidadsv.com\/wp-content\/uploads\/2024\/12\/1Web-150x150.png 150w, https:\/\/ascalidadsv.com\/wp-content\/uploads\/2024\/12\/1Web-768x768.png 768w\" sizes=\"auto, (max-width: 1024px) 100vw, 1024px\" \/><br \/>\n\t\t\t\t\t<a href=\"https:\/\/wa.me\/qr\/W6RJQHEF75JQD1\"><br \/>\n\t\t\t\t\t\t\t\t\tPara m\u00e1s Informaci\u00f3n<br \/>\n\t\t\t\t\t<\/a><br \/>\n\t\t\t\t\t\t\t\t\t\t\t\t\t\t\t<img loading=\"lazy\" decoding=\"async\" width=\"1024\" height=\"1024\" src=\"https:\/\/ascalidadsv.com\/wp-content\/uploads\/2024\/12\/2Web.png\" alt=\"\" srcset=\"https:\/\/ascalidadsv.com\/wp-content\/uploads\/2024\/12\/2Web.png 1024w, https:\/\/ascalidadsv.com\/wp-content\/uploads\/2024\/12\/2Web-300x300.png 300w, https:\/\/ascalidadsv.com\/wp-content\/uploads\/2024\/12\/2Web-150x150.png 150w, https:\/\/ascalidadsv.com\/wp-content\/uploads\/2024\/12\/2Web-768x768.png 768w\" sizes=\"auto, (max-width: 1024px) 100vw, 1024px\" \/><br \/>\n\t\t\t\t\t<a href=\"https:\/\/wa.me\/qr\/W6RJQHEF75JQD1\"><br \/>\n\t\t\t\t\t\t\t\t\tPara conocer m\u00e1s detalles<br \/>\n\t\t\t\t\t<\/a><\/p>\n","protected":false},"excerpt":{"rendered":"<p>Testimonios de quienes han vivido la experiencia. Validar Certificado Descubre nuestra oferta formativa: Oferta de Cursos 2025 \u00bfTienes dudas o necesitas m\u00e1s informaci\u00f3n? Estamos aqu\u00ed para ayudarte. Escr\u00edbenos y con gusto responderemos todas tus preguntas sobre nuestros cursos y servicios. \u00a1Cont\u00e1ctanos ahora! Para m\u00e1s Informaci\u00f3n Para conocer m\u00e1s detalles<\/p>\n","protected":false},"author":1,"featured_media":0,"parent":0,"menu_order":0,"comment_status":"closed","ping_status":"closed","template":"","meta":{"_monsterinsights_skip_tracking":false,"_monsterinsights_sitenote_active":false,"_monsterinsights_sitenote_note":"","_monsterinsights_sitenote_category":0,"_uf_show_specific_survey":0,"_uf_disable_surveys":false,"site-sidebar-layout":"no-sidebar","site-content-layout":"page-builder","ast-site-content-layout":"","site-content-style":"default","site-sidebar-style":"default","ast-global-header-display":"","ast-banner-title-visibility":"","ast-main-header-display":"","ast-hfb-above-header-display":"","ast-hfb-below-header-display":"","ast-hfb-mobile-header-display":"","site-post-title":"disabled","ast-breadcrumbs-content":"","ast-featured-img":"disabled","footer-sml-layout":"","theme-transparent-header-meta":"default","adv-header-id-meta":"","stick-header-meta":"","header-above-stick-meta":"","header-main-stick-meta":"","header-below-stick-meta":"","astra-migrate-meta-layouts":"default","ast-page-background-enabled":"default","ast-page-background-meta":{"desktop":{"background-color":"","background-image":"","background-repeat":"repeat","background-position":"center center","background-size":"auto","background-attachment":"scroll","background-type":"","background-media":"","overlay-type":"","overlay-color":"","overlay-opacity":"","overlay-gradient":""},"tablet":{"background-color":"","background-image":"","background-repeat":"repeat","background-position":"center center","background-size":"auto","background-attachment":"scroll","background-type":"","background-media":"","overlay-type":"","overlay-color":"","overlay-opacity":"","overlay-gradient":""},"mobile":{"background-color":"","background-image":"","background-repeat":"repeat","background-position":"center center","background-size":"auto","background-attachment":"scroll","background-type":"","background-media":"","overlay-type":"","overlay-color":"","overlay-opacity":"","overlay-gradient":""}},"ast-content-background-meta":{"desktop":{"background-color":"var(--ast-global-color-5)","background-image":"","background-repeat":"repeat","background-position":"center center","background-size":"auto","background-attachment":"scroll","background-type":"","background-media":"","overlay-type":"","overlay-color":"","overlay-opacity":"","overlay-gradient":""},"tablet":{"background-color":"var(--ast-global-color-5)","background-image":"","background-repeat":"repeat","background-position":"center center","background-size":"auto","background-attachment":"scroll","background-type":"","background-media":"","overlay-type":"","overlay-color":"","overlay-opacity":"","overlay-gradient":""},"mobile":{"background-color":"var(--ast-global-color-5)","background-image":"","background-repeat":"repeat","background-position":"center center","background-size":"auto","background-attachment":"scroll","background-type":"","background-media":"","overlay-type":"","overlay-color":"","overlay-opacity":"","overlay-gradient":""}},"footnotes":""},"class_list":["post-1218","page","type-page","status-publish","hentry"],"aioseo_notices":[],"_links":{"self":[{"href":"https:\/\/ascalidadsv.com\/index.php?rest_route=\/wp\/v2\/pages\/1218","targetHints":{"allow":["GET"]}}],"collection":[{"href":"https:\/\/ascalidadsv.com\/index.php?rest_route=\/wp\/v2\/pages"}],"about":[{"href":"https:\/\/ascalidadsv.com\/index.php?rest_route=\/wp\/v2\/types\/page"}],"author":[{"embeddable":true,"href":"https:\/\/ascalidadsv.com\/index.php?rest_route=\/wp\/v2\/users\/1"}],"replies":[{"embeddable":true,"href":"https:\/\/ascalidadsv.com\/index.php?rest_route=%2Fwp%2Fv2%2Fcomments&post=1218"}],"version-history":[{"count":90,"href":"https:\/\/ascalidadsv.com\/index.php?rest_route=\/wp\/v2\/pages\/1218\/revisions"}],"predecessor-version":[{"id":1870,"href":"https:\/\/ascalidadsv.com\/index.php?rest_route=\/wp\/v2\/pages\/1218\/revisions\/1870"}],"wp:attachment":[{"href":"https:\/\/ascalidadsv.com\/index.php?rest_route=%2Fwp%2Fv2%2Fmedia&parent=1218"}],"curies":[{"name":"wp","href":"https:\/\/api.w.org\/{rel}","templated":true}]}}